{"id":1101,"date":"2023-06-22T14:50:47","date_gmt":"2023-06-22T12:50:47","guid":{"rendered":"https:\/\/pianoforte.sviluppo-siti.it\/service\/"},"modified":"2023-08-23T07:12:25","modified_gmt":"2023-08-23T05:12:25","slug":"service","status":"publish","type":"page","link":"https:\/\/pianoforte.sviluppo-siti.it\/de\/service\/","title":{"rendered":"Service"},"content":{"rendered":"\t\t<div data-elementor-type=\"wp-page\" data-elementor-id=\"1101\" class=\"elementor elementor-1101 elementor-50\" data-elementor-post-type=\"page\">\n\t\t\t\t\t\t\t<div class=\"elementor-element elementor-element-c57d1f4 e-flex e-con-boxed e-con\" data-id=\"c57d1f4\" data-element_type=\"container\" data-settings=\"{&quot;background_background&quot;:&quot;slideshow&quot;,&quot;background_slideshow_gallery&quot;:[{&quot;id&quot;:368,&quot;url&quot;:&quot;https:\\\/\\\/pianoforte.sviluppo-siti.it\\\/wp-content\\\/uploads\\\/2023\\\/06\\\/9af171_1a87fc1a960b40729f33bd5598808fe2mv2.webp&quot;},{&quot;id&quot;:369,&quot;url&quot;:&quot;https:\\\/\\\/pianoforte.sviluppo-siti.it\\\/wp-content\\\/uploads\\\/2023\\\/06\\\/9af171_f822baa721784dfeb5795a36c66ca7c8mv2.webp&quot;},{&quot;id&quot;:370,&quot;url&quot;:&quot;https:\\\/\\\/pianoforte.sviluppo-siti.it\\\/wp-content\\\/uploads\\\/2023\\\/06\\\/9af171_5ab08fa467db49be87035ba2db2f71b9mv2.webp&quot;},{&quot;id&quot;:371,&quot;url&quot;:&quot;https:\\\/\\\/pianoforte.sviluppo-siti.it\\\/wp-content\\\/uploads\\\/2023\\\/06\\\/9af171_b0d947d20831420286e539b1584d0a9cmv2_d_3264_2448_s_4_2.webp&quot;},{&quot;id&quot;:372,&quot;url&quot;:&quot;https:\\\/\\\/pianoforte.sviluppo-siti.it\\\/wp-content\\\/uploads\\\/2023\\\/06\\\/9af171_b87ea4a70ea34242aebd60a425aedd15mv2_d_4320_3240_s_4_2.webp&quot;},{&quot;id&quot;:373,&quot;url&quot;:&quot;https:\\\/\\\/pianoforte.sviluppo-siti.it\\\/wp-content\\\/uploads\\\/2023\\\/06\\\/9af171_4999900f323e4e398647a7303c7e90b5mv2.webp&quot;},{&quot;id&quot;:374,&quot;url&quot;:&quot;https:\\\/\\\/pianoforte.sviluppo-siti.it\\\/wp-content\\\/uploads\\\/2023\\\/06\\\/9af171_c7171b349cca499f9107028f67f13240mv2_d_4320_3240_s_4_2.webp&quot;},{&quot;id&quot;:375,&quot;url&quot;:&quot;https:\\\/\\\/pianoforte.sviluppo-siti.it\\\/wp-content\\\/uploads\\\/2023\\\/06\\\/9af171_7fed3168f9fe4acf92d89ae5f7befeedmv2_d_4320_3240_s_4_2.webp&quot;}],&quot;shape_divider_bottom&quot;:&quot;curve-asymmetrical&quot;,&quot;shape_divider_bottom_negative&quot;:&quot;yes&quot;,&quot;background_slideshow_transition_duration&quot;:1500,&quot;background_slideshow_ken_burns&quot;:&quot;yes&quot;,&quot;content_width&quot;:&quot;boxed&quot;,&quot;background_slideshow_loop&quot;:&quot;yes&quot;,&quot;background_slideshow_slide_duration&quot;:5000,&quot;background_slideshow_slide_transition&quot;:&quot;fade&quot;,&quot;background_slideshow_ken_burns_zoom_direction&quot;:&quot;in&quot;}\">\n\t\t\t\t\t<div class=\"e-con-inner\">\n\t\t\t\t<div class=\"elementor-shape elementor-shape-bottom\" data-negative=\"true\">\n\t\t\t<svg xmlns=\"http:\/\/www.w3.org\/2000\/svg\" viewBox=\"0 0 1000 100\" preserveAspectRatio=\"none\">\n\t<path class=\"elementor-shape-fill\" d=\"M615.2,96.7C240.2,97.8,0,18.9,0,0v100h1000V0C1000,19.2,989.8,96,615.2,96.7z\"\/>\n<\/svg>\t\t<\/div>\n\t\t\t\t<div class=\"elementor-element elementor-element-185d1a4 animated-slow elementor-invisible elementor-widget elementor-widget-heading\" data-id=\"185d1a4\" data-element_type=\"widget\" data-settings=\"{&quot;_animation&quot;:&quot;fadeIn&quot;}\" data-widget_type=\"heading.default\">\n\t\t\t\t<div class=\"elementor-widget-container\">\n\t\t\t<style>\/*! elementor - v3.15.0 - 20-08-2023 *\/\n.elementor-heading-title{padding:0;margin:0;line-height:1}.elementor-widget-heading .elementor-heading-title[class*=elementor-size-]>a{color:inherit;font-size:inherit;line-height:inherit}.elementor-widget-heading .elementor-heading-title.elementor-size-small{font-size:15px}.elementor-widget-heading .elementor-heading-title.elementor-size-medium{font-size:19px}.elementor-widget-heading .elementor-heading-title.elementor-size-large{font-size:29px}.elementor-widget-heading .elementor-heading-title.elementor-size-xl{font-size:39px}.elementor-widget-heading .elementor-heading-title.elementor-size-xxl{font-size:59px}<\/style><h2 class=\"elementor-heading-title elementor-size-default\">Service<\/h2>\t\t<\/div>\n\t\t\t\t<\/div>\n\t\t\t\t<div class=\"elementor-element elementor-element-6708f37 elementor-widget elementor-widget-heading\" data-id=\"6708f37\" data-element_type=\"widget\" data-widget_type=\"heading.default\">\n\t\t\t\t<div class=\"elementor-widget-container\">\n\t\t\t<h2 class=\"elementor-heading-title elementor-size-default\">Service<\/h2>\t\t<\/div>\n\t\t\t\t<\/div>\n\t\t\t\t\t<\/div>\n\t\t\t\t<\/div>\n\t\t<div class=\"elementor-element elementor-element-5fa665c e-flex e-con-boxed e-con\" data-id=\"5fa665c\" data-element_type=\"container\" data-settings=\"{&quot;content_width&quot;:&quot;boxed&quot;}\">\n\t\t\t\t\t<div class=\"e-con-inner\">\n\t\t\t\t<div class=\"elementor-element elementor-element-79e372e elementor-widget elementor-widget-text-editor\" data-id=\"79e372e\" data-element_type=\"widget\" data-widget_type=\"text-editor.default\">\n\t\t\t\t<div class=\"elementor-widget-container\">\n\t\t\t<style>\/*! elementor - v3.15.0 - 20-08-2023 *\/\n.elementor-widget-text-editor.elementor-drop-cap-view-stacked .elementor-drop-cap{background-color:#69727d;color:#fff}.elementor-widget-text-editor.elementor-drop-cap-view-framed .elementor-drop-cap{color:#69727d;border:3px solid;background-color:transparent}.elementor-widget-text-editor:not(.elementor-drop-cap-view-default) .elementor-drop-cap{margin-top:8px}.elementor-widget-text-editor:not(.elementor-drop-cap-view-default) .elementor-drop-cap-letter{width:1em;height:1em}.elementor-widget-text-editor .elementor-drop-cap{float:left;text-align:center;line-height:1;font-size:50px}.elementor-widget-text-editor .elementor-drop-cap-letter{display:inline-block}<\/style>\t\t\t\t<p>Ein pers\u00f6nlicher Service f\u00fcr jeden Bedarf.<br \/>Vom Amateur bis zum Konzertk\u00fcnstler.<\/p>\n\t\t\t\t\t\t<\/div>\n\t\t\t\t<\/div>\n\t\t\t\t<div class=\"elementor-element elementor-element-78c3d6b elementor-widget elementor-widget-text-editor\" data-id=\"78c3d6b\" data-element_type=\"widget\" data-widget_type=\"text-editor.default\">\n\t\t\t\t<div class=\"elementor-widget-container\">\n\t\t\t\t\t\t\t<p class=\"p1\">Unsere St\u00e4rke ist die Durchf\u00fchrung von Konzerten, von Ihrer Privatfeier bis hin zu Gro\u00dfveranstaltungen. Sie w\u00fcnschen sich einen unvergesslichen Geburtstag, eine musikalisch begleitete Hochzeit oder ein Tanzjubil\u00e4um? Unsere umfangreiche Erfahrung, die von Villen bis hin zu B\u00fchnen im ganzen Land reicht, steht Ihnen zur Verf\u00fcgung. Kontaktieren Sie uns f\u00fcr ein individuelles Angebot und wir verbinden Ihre Veranstaltung mit unserer Professionalit\u00e4t.<\/p>\n\t\t\t\t\t\t<\/div>\n\t\t\t\t<\/div>\n\t\t\t\t\t<\/div>\n\t\t\t\t<\/div>\n\t\t\t\t\t\t\t<\/div>\n\t\t","protected":false},"excerpt":{"rendered":"<p>Ein pers\u00f6nlicher Service f\u00fcr jeden Bedarf.Vom Amateur bis zum Konzertk\u00fcnstler. Unsere St\u00e4rke ist die Durchf\u00fchrung von Konzerten, von Ihrer Privatfeier bis hin zu Gro\u00dfveranstaltungen. Sie w\u00fcnschen sich einen unvergesslichen Geburtstag, eine musikalisch begleitete Hochzeit oder ein Tanzjubil\u00e4um? Unsere umfangreiche Erfahrung, die von Villen bis hin zu B\u00fchnen im ganzen Land reicht, steht Ihnen zur Verf\u00fcgung. [&hellip;]<\/p>\n","protected":false},"author":1,"featured_media":0,"parent":0,"menu_order":0,"comment_status":"closed","ping_status":"closed","template":"","meta":{"footnotes":""},"class_list":["post-1101","page","type-page","status-publish","hentry"],"acf":[],"_links":{"self":[{"href":"https:\/\/pianoforte.sviluppo-siti.it\/de\/wp-json\/wp\/v2\/pages\/1101","targetHints":{"allow":["GET"]}}],"collection":[{"href":"https:\/\/pianoforte.sviluppo-siti.it\/de\/wp-json\/wp\/v2\/pages"}],"about":[{"href":"https:\/\/pianoforte.sviluppo-siti.it\/de\/wp-json\/wp\/v2\/types\/page"}],"author":[{"embeddable":true,"href":"https:\/\/pianoforte.sviluppo-siti.it\/de\/wp-json\/wp\/v2\/users\/1"}],"replies":[{"embeddable":true,"href":"https:\/\/pianoforte.sviluppo-siti.it\/de\/wp-json\/wp\/v2\/comments?post=1101"}],"version-history":[{"count":1,"href":"https:\/\/pianoforte.sviluppo-siti.it\/de\/wp-json\/wp\/v2\/pages\/1101\/revisions"}],"predecessor-version":[{"id":1102,"href":"https:\/\/pianoforte.sviluppo-siti.it\/de\/wp-json\/wp\/v2\/pages\/1101\/revisions\/1102"}],"wp:attachment":[{"href":"https:\/\/pianoforte.sviluppo-siti.it\/de\/wp-json\/wp\/v2\/media?parent=1101"}],"curies":[{"name":"wp","href":"https:\/\/api.w.org\/{rel}","templated":true}]}}